{"id":313,"date":"2025-05-05T04:28:05","date_gmt":"2025-05-05T04:28:05","guid":{"rendered":"https:\/\/www.charlottegrowthfund.org\/preguntas-frecuentes\/"},"modified":"2025-05-14T23:43:24","modified_gmt":"2025-05-14T23:43:24","slug":"preguntas-frecuentes","status":"publish","type":"page","link":"https:\/\/www.charlottegrowthfund.org\/es\/preguntas-frecuentes\/","title":{"rendered":"Preguntas frecuentes"},"content":{"rendered":"<p>[et_pb_section fb_built=\u00bb1&#8243; _builder_version=\u00bb4.25.2&#8243; _module_preset=\u00bbdefault\u00bb background_color=\u00bb#121D27&#8243; use_background_color_gradient=\u00bbon\u00bb background_color_gradient_direction=\u00bb90deg\u00bb background_color_gradient_stops=\u00bbrgba(0,0,0,0.79) 0%|rgba(236,236,236,0) 100%\u00bb background_color_gradient_overlays_image=\u00bbon\u00bb background_enable_image=\u00bboff\u00bb background_position=\u00bbcenter_left\u00bb custom_margin=\u00bb0px||0px||true|false\u00bb custom_padding=\u00bb10px||10px||true|false\u00bb background_last_edited=\u00bbon|desktop\u00bb background_position_phone=\u00bbbottom_center\u00bb global_colors_info=\u00bb{}\u00bb custom_css_main_element_last_edited=\u00bboff|desktop\u00bb custom_css_main_element_tablet=\u00bbalign-items:center;||display:flex;\u00bb custom_css_main_element_phone=\u00bbalign-items:center;||display:flex;\u00bb][et_pb_row _builder_version=\u00bb4.25.2&#8243; _module_preset=\u00bb6c6c47e4-1b27-4406-9cea-b54f28ab91ac\u00bb global_colors_info=\u00bb{}\u00bb][et_pb_column type=\u00bb4_4&#8243; _builder_version=\u00bb4.25.2&#8243; _module_preset=\u00bbdefault\u00bb global_colors_info=\u00bb{}\u00bb][et_pb_text _builder_version=\u00bb4.25.2&#8243; _module_preset=\u00bbdefault\u00bb header_text_color=\u00bb#FFFFFF\u00bb custom_padding=\u00bb0px||0px||false|false\u00bb global_colors_info=\u00bb{}\u00bb]<\/p>\n<h1>Preguntas frecuentes<\/h1>\n<p>[\/et_pb_text][\/et_pb_column][\/et_pb_row][\/et_pb_section][et_pb_section fb_built=\u00bb1&#8243; _builder_version=\u00bb4.25.2&#8243; _module_preset=\u00bbdefault\u00bb background_enable_color=\u00bboff\u00bb global_colors_info=\u00bb{}\u00bb][et_pb_row _builder_version=\u00bb4.25.2&#8243; _module_preset=\u00bbdefault\u00bb global_colors_info=\u00bb{}\u00bb][et_pb_column type=\u00bb4_4&#8243; _builder_version=\u00bb4.25.2&#8243; _module_preset=\u00bbdefault\u00bb global_colors_info=\u00bb{}\u00bb][et_pb_text _builder_version=\u00bb4.25.2&#8243; _module_preset=\u00bbdefault\u00bb global_colors_info=\u00bb{}\u00bb]<\/p>\n<p style=\"text-align: center;\"><a href=\"#terms\">T\u00e9rminos y elegibilidad<\/a> \/ <a href=\"#program\">Informaci\u00f3n del programa<\/a> \/ <a href=\"#application\">Informaci\u00f3n de la solicitud<\/a> <\/p>\n<p>[\/et_pb_text][\/et_pb_column][\/et_pb_row][et_pb_row module_id=\u00bbterms\u00bb _builder_version=\u00bb4.25.2&#8243; _module_preset=\u00bb6c6c47e4-1b27-4406-9cea-b54f28ab91ac\u00bb width=\u00bb80%\u00bb hover_enabled=\u00bb0&#8243; global_colors_info=\u00bb{}\u00bb sticky_enabled=\u00bb0&#8243; width_last_edited=\u00bbon|tablet\u00bb width_tablet=\u00bb100%\u00bb width_phone=\u00bb100%\u00bb][et_pb_column type=\u00bb4_4&#8243; _builder_version=\u00bb4.25.2&#8243; _module_preset=\u00bbdefault\u00bb global_colors_info=\u00bb{}\u00bb][et_pb_text _builder_version=\u00bb4.25.2&#8243; _module_preset=\u00bbdefault\u00bb header_2_text_align=\u00bbcenter\u00bb global_colors_info=\u00bb{}\u00bb]<\/p>\n<h2>T\u00e9rminos y elegibilidad<\/h2>\n<p>[\/et_pb_text][et_pb_divider color=\u00bbrgba(0,0,0,0.1)\u00bb _builder_version=\u00bb4.25.2&#8243; _module_preset=\u00bbdefault\u00bb max_width=\u00bb40%\u00bb module_alignment=\u00bbcenter\u00bb custom_margin=\u00bb15px||15px||true|false\u00bb custom_padding=\u00bb0px||0px||true|false\u00bb border_color_all=\u00bb#ECECEC\u00bb global_colors_info=\u00bb{}\u00bb][\/et_pb_divider][et_pb_text _builder_version=\u00bb4.25.2&#8243; _module_preset=\u00bbdefault\u00bb global_colors_info=\u00bb{}\u00bb]<\/p>\n<h3>\u00bfCu\u00e1les son los t\u00e9rminos del pr\u00e9stamo?<\/h3>\n<ul>\n<li>Pr\u00e9stamo por montos de $1,000 a $250,000<\/li>\n<li>Pagos mensuales de capital e intereses<\/li>\n<li>Tasas de inter\u00e9s fijas durante todo el per\u00edodo del pr\u00e9stamo<\/li>\n<li>Tasas de 9% a 12%<\/li>\n<li>Comisiones de apertura del 3% al 5%<\/li>\n<li>Sin cargos por pago adelantado<\/li>\n<\/ul>\n<p>[\/et_pb_text][et_pb_text _builder_version=\u00bb4.25.2&#8243; _module_preset=\u00bbdefault\u00bb global_colors_info=\u00bb{}\u00bb]<\/p>\n<h3>\u00bfPara qu\u00e9 puedo usar el pr\u00e9stamo?<\/h3>\n<p>Puedes usar el pr\u00e9stamo para una amplia variedad de necesidades de tu empresa, que incluyen equipamiento, n\u00f3mina, servicios b\u00e1sicos y alquiler, suministros, mercadotecnia y publicidad y otros gastos empresariales. En la solicitud se te pedir\u00e1 que detalles los usos previstos del pr\u00e9stamo. <\/p>\n<p>[\/et_pb_text][et_pb_text _builder_version=\u00bb4.25.2&#8243; _module_preset=\u00bbdefault\u00bb global_colors_info=\u00bb{}\u00bb]<\/p>\n<h3>\u00bfQui\u00e9nes son elegibles para recibir un pr\u00e9stamo?<\/h3>\n<p> Para ser elegible para un pr\u00e9stamo del Charlotte Small Business Growth Fund, una peque\u00f1a empresa debe cumplir con los requisitos m\u00ednimos de elegibilidad que se detallan a continuaci\u00f3n:<\/p>\n<ul>\n<li>Estar situada en la ciudad de Charlotte<\/li>\n<li>Haber tenido operaciones por lo menos durante seis meses<\/li>\n<li>Tener la capacidad para devolver el pr\u00e9stamo, considerando el flujo de efectivo documentado<\/li>\n<li>Tener una puntuaci\u00f3n de FICO m\u00ednima de 575 o no tener cr\u00e9dito establecido<\/li>\n<li>No dedicarse a pr\u00e9stamos, especulaciones, ventas en esquema de pir\u00e1mide,<\/li>\n<li>apuestas, tabaco, cannabis, entretenimiento para adultos u otras<\/li>\n<li>industrias prohibidas por las leyes federales<\/li>\n<\/ul>\n<p>[\/et_pb_text][et_pb_text _builder_version=\u00bb4.25.2&#8243; _module_preset=\u00bbdefault\u00bb global_colors_info=\u00bb{}\u00bb]<\/p>\n<h3>\u00bfQui\u00e9nes NO son elegibles para recibir un pr\u00e9stamo?<\/h3>\n<p>Las empresas que se dediquen a pr\u00e9stamos, especulaciones, ventas en esquema de pir\u00e1mide, apuestas, tabaco, cannabis, entretenimiento para adultos u otras industrias prohibidas por las leyes federales no son elegibles para este programa. Las empresas tampoco son elegibles si han funcionado durante menos de seis meses. <\/p>\n<p>[\/et_pb_text][et_pb_text _builder_version=\u00bb4.25.2&#8243; _module_preset=\u00bbdefault\u00bb global_colors_info=\u00bb{}\u00bb]<\/p>\n<h3>\u00bfTengo garantizada la aprobaci\u00f3n si soy elegible para solicitar un pr\u00e9stamo?<\/h3>\n<p>No todos los solicitantes podr\u00e1n recibir un pr\u00e9stamo. Las solicitudes se analizar\u00e1n conforme se reciban, y presentar una solicitud no significa que se aprobar\u00e1 o financiar\u00e1 un pr\u00e9stamo. Puedes solicitar informaci\u00f3n adicional a los prestamistas participantes, y cada prestamista tomar\u00e1 por s\u00ed solo las decisiones sobre los pr\u00e9stamos que otorga.   Todas las tasas y los t\u00e9rminos del pr\u00e9stamo est\u00e1n sujetos a cambios.<\/p>\n<p>[\/et_pb_text][et_pb_text _builder_version=\u00bb4.25.2&#8243; _module_preset=\u00bbdefault\u00bb global_colors_info=\u00bb{}\u00bb]<\/p>\n<h3>\u00bfNecesito bienes en garant\u00eda?<\/h3>\n<p>No existe un requisito espec\u00edfico sobre bienes en garant\u00eda, pero los prestamistas participantes pueden solicitar bienes en garant\u00eda dependiendo de los factores del pr\u00e9stamo, como su importe o el uso al que ser\u00e1 destinado. <\/p>\n<p>[\/et_pb_text][et_pb_text _builder_version=\u00bb4.25.2&#8243; _module_preset=\u00bbdefault\u00bb global_colors_info=\u00bb{}\u00bb]<\/p>\n<h3>\u00bfHay una puntuaci\u00f3n crediticia m\u00ednima?<\/h3>\n<p>Para ser elegible para recibir un pr\u00e9stamo los empresarios deben tener una puntuaci\u00f3n de FICO m\u00ednima de 575 o no tener cr\u00e9dito establecido.<\/p>\n<p>[\/et_pb_text][et_pb_text _builder_version=\u00bb4.25.2&#8243; _module_preset=\u00bbdefault\u00bb global_colors_info=\u00bb{}\u00bb]<\/p>\n<h3>\u00bfQu\u00e9 ocurrir\u00e1 si incumplo con un pago?<\/h3>\n<p>Si recibes un pr\u00e9stamo y no haces un pago de tu pr\u00e9stamo a tiempo, se le podr\u00eda aplicar un cargo por mora a criterio del prestamista. El incumplimiento de hacer tus pagos conforme a los t\u00e9rminos de tu acuerdo podr\u00eda provocar que el pr\u00e9stamo se declare en incumplimiento. Durante el proceso de solicitud del pr\u00e9stamo, el prestamista de tu comunidad te explicar\u00e1 todos los t\u00e9rminos de tu contrato de cr\u00e9dito para asegurarse de que entiendas los detalles de los pagos atrasados y el incumplimiento.  <\/p>\n<p>[\/et_pb_text][\/et_pb_column][\/et_pb_row][et_pb_row _builder_version=\u00bb4.25.2&#8243; _module_preset=\u00bb6c6c47e4-1b27-4406-9cea-b54f28ab91ac\u00bb width=\u00bb80%\u00bb global_colors_info=\u00bb{}\u00bb module_id=\u00bbterms\u00bb width_tablet=\u00bb100%\u00bb width_last_edited=\u00bbon|tablet\u00bb width_phone=\u00bb100%\u00bb][et_pb_column type=\u00bb4_4&#8243; _builder_version=\u00bb4.25.2&#8243; _module_preset=\u00bbdefault\u00bb global_colors_info=\u00bb{}\u00bb][et_pb_text module_id=\u00bbprogram\u00bb _builder_version=\u00bb4.25.2&#8243; _module_preset=\u00bbdefault\u00bb header_2_text_align=\u00bbcenter\u00bb global_colors_info=\u00bb{}\u00bb]<\/p>\n<h2>Informaci\u00f3n del programa<\/h2>\n<p>[\/et_pb_text][et_pb_divider color=\u00bbrgba(0,0,0,0.1)\u00bb _builder_version=\u00bb4.25.2&#8243; _module_preset=\u00bbdefault\u00bb max_width=\u00bb40%\u00bb module_alignment=\u00bbcenter\u00bb custom_margin=\u00bb15px||15px||true|false\u00bb custom_padding=\u00bb0px||0px||true|false\u00bb border_color_all=\u00bb#ECECEC\u00bb global_colors_info=\u00bb{}\u00bb][\/et_pb_divider][et_pb_text _builder_version=\u00bb4.25.2&#8243; _module_preset=\u00bbdefault\u00bb global_colors_info=\u00bb{}\u00bb]<\/p>\n<h3>\u00bfEn qu\u00e9 se diferencia este programa de los dem\u00e1s?<\/h3>\n<p>El Charlotte Small Business Growth Fund cuenta con una red de prestamistas de la comunidad que tienen d\u00e9cadas de experiencia en trabajar con empresarios de comunidades que tradicionalmente han sido excluidas.<\/p>\n<p>Nuestro objetivo es reducir los obst\u00e1culos para obtener recursos financieros, para lo que ofrecemos:<\/p>\n<ul>\n<li>Conexiones con recursos gratuitos para apoyar a las peque\u00f1as empresas<\/li>\n<li>Un programa de selecci\u00f3n que dirige a las peque\u00f1as empresas al<\/li>\n<li>prestamista m\u00e1s apto para atenderlas<\/li>\n<li>Pr\u00e9stamos con t\u00e9rminos competitivos, que incluyen tasas de inter\u00e9s fijas y<\/li>\n<li>usos flexibles para el pr\u00e9stamo<\/li>\n<\/ul>\n<p>[\/et_pb_text][et_pb_text _builder_version=\u00bb4.25.2&#8243; _module_preset=\u00bbdefault\u00bb global_colors_info=\u00bb{}\u00bb]<\/p>\n<h3>\u00bfQui\u00e9nes son los prestamistas participantes de la comunidad?<\/h3>\n<p>Lo que distingue al Charlotte Small Business Growth Fund de otras fuentes de capital es la red de prestamistas comunitarios sin fines de lucro. Cada uno de los prestamistas que se le pueden asignar es una organizaci\u00f3n sin fines de lucro que tiene a\u00f1os de experiencia en ayudar a las peque\u00f1as empresas a alcanzar el \u00e9xito. Nuestros socios se interesan en ti, en tu negocio y en tu \u00e9xito. Colaborar\u00e1n contigo para ayudar a que tu empresa obtenga acceso a los recursos que necesita para alcanzar el \u00e9xito.   <\/p>\n<p>Los prestamistas asociados con el Charlotte Small Business Growth Fund son:<\/p>\n<ul>\n<li><a href=\"https:\/\/www.ascendus.org\/\" target=\"_blank\" rel=\"noopener\">Ascendus<\/a><\/li>\n<li><a href=\"https:\/\/www.aspirecommunitycapital.org\/\" target=\"_blank\" rel=\"noopener\">Aspire Community Capital<\/a><\/li>\n<li><a href=\"https:\/\/www.befcor.com\/\" target=\"_blank\" rel=\"noopener\">Business Expansion Funding Corporation (BEFCOR)<\/a><\/li>\n<li><a href=\"https:\/\/www.carolinasmallbusiness.org\/\" target=\"_blank\" rel=\"noopener\">Carolina Small Business Development Fund<\/a><\/li>\n<li><a href=\"https:\/\/www.dreamspring.org\/\" target=\"_blank\" rel=\"noopener\">DreamSpring<\/a><\/li>\n<\/ul>\n<p>[\/et_pb_text][\/et_pb_column][\/et_pb_row][et_pb_row _builder_version=\u00bb4.25.2&#8243; _module_preset=\u00bb6c6c47e4-1b27-4406-9cea-b54f28ab91ac\u00bb width=\u00bb80%\u00bb global_colors_info=\u00bb{}\u00bb module_id=\u00bbterms\u00bb width_tablet=\u00bb100%\u00bb width_last_edited=\u00bbon|tablet\u00bb width_phone=\u00bb100%\u00bb][et_pb_column type=\u00bb4_4&#8243; _builder_version=\u00bb4.25.2&#8243; _module_preset=\u00bbdefault\u00bb global_colors_info=\u00bb{}\u00bb][et_pb_text module_id=\u00bbapplication\u00bb _builder_version=\u00bb4.25.2&#8243; _module_preset=\u00bbdefault\u00bb header_2_text_align=\u00bbcenter\u00bb global_colors_info=\u00bb{}\u00bb]<\/p>\n<h2>Informaci\u00f3n de la solicitud<\/h2>\n<p>[\/et_pb_text][et_pb_divider color=\u00bbrgba(0,0,0,0.1)\u00bb _builder_version=\u00bb4.25.2&#8243; _module_preset=\u00bbdefault\u00bb max_width=\u00bb40%\u00bb module_alignment=\u00bbcenter\u00bb custom_margin=\u00bb15px||15px||true|false\u00bb custom_padding=\u00bb0px||0px||true|false\u00bb border_color_all=\u00bb#ECECEC\u00bb global_colors_info=\u00bb{}\u00bb][\/et_pb_divider][et_pb_text _builder_version=\u00bb4.25.2&#8243; _module_preset=\u00bbdefault\u00bb global_colors_info=\u00bb{}\u00bb]<\/p>\n<h3>\u00bfQu\u00e9 informaci\u00f3n necesito para presentar mi solicitud por internet?<\/h3>\n<p>Cuando presentes tu solicitud por internet, te haremos una serie de preguntas para ayudarnos a conocer tu empresa y su historial financiero. Eso nos ayudar\u00e1 a determinar si cumples con los requisitos b\u00e1sicos de elegibilidad y si est\u00e1s preparado para asignarte a uno de los prestamistas de la comunidad. <\/p>\n<p>La informaci\u00f3n que te pediremos incluye:<\/p>\n<ul>\n<li>Importe del pr\u00e9stamo solicitado y uso previsto de los fondos<\/li>\n<li>Informaci\u00f3n de contacto personal y de la empresa<\/li>\n<li>Informaci\u00f3n financiera personal y de la empresa<\/li>\n<li>Informaci\u00f3n de estados de cuenta bancarios personales y de la empresa<\/li>\n<li>Informaci\u00f3n y autorizaci\u00f3n para una consulta de cr\u00e9dito b\u00e1sica (que no<\/li>\n<li>afectar\u00e1 a tu puntuaci\u00f3n crediticia)<\/li>\n<\/ul>\n<p>[\/et_pb_text][et_pb_text _builder_version=\u00bb4.25.2&#8243; _module_preset=\u00bbdefault\u00bb global_colors_info=\u00bb{}\u00bb]<\/p>\n<h3>\u00bfQu\u00e9 informaci\u00f3n necesitar\u00e9 si me asignan a un prestamista de la comunidad?<\/h3>\n<p>Si se te asigna un prestamista, tendras que proporcionar informaci\u00f3n y documentos adicionales, que incluir\u00e1n:<\/p>\n<ul>\n<li>Declaraciones de impuestos personales y de la empresa<\/li>\n<li>Estados de cuenta financieros de la empresa<\/li>\n<li>La informaci\u00f3n adicional que se solicite<\/li>\n<\/ul>\n<p>Puedes proporcionar esa informaci\u00f3n desde el principio, en la secci\u00f3n de carga de documentos de la solicitud, o puedes esperar a que el prestamista que se te asigne la solicite. Si se te asigna un prestamista participante de la comunidad, se comunicar\u00e1 contigo para pedirte los documentos necesarios, hacer las revisiones de cr\u00e9dito adicionales y concluir la solicitud. <\/p>\n<p>[\/et_pb_text][et_pb_text _builder_version=\u00bb4.25.2&#8243; _module_preset=\u00bbdefault\u00bb global_colors_info=\u00bb{}\u00bb]<\/p>\n<h3>\u00bfPor qu\u00e9 en la solicitud me piden mis datos demogr\u00e1ficos?<\/h3>\n<p>Los fondos provistos por el Charlotte Small Business Growth Fund est\u00e1n destinados a fortalecer a las comunidades y a las peque\u00f1as empresas que existen en ellas. La informaci\u00f3n demogr\u00e1fica que proporcionan los solicitantes ayuda a garantizar que el programa llegue a todos los empresarios elegibles. <\/p>\n<p>[\/et_pb_text][et_pb_text _builder_version=\u00bb4.25.2&#8243; _module_preset=\u00bbdefault\u00bb global_colors_info=\u00bb{}\u00bb]<\/p>\n<h3>\u00bfContestar la solicitud en l\u00ednea garantiza que se me asignar\u00e1 a un prestamista del programa?<\/h3>\n<p>No. Recuerda que contestar la solicitud en l\u00ednea no garantiza que se te asigne a un prestamista. Si tu empresa no cumple con los criterios de elegibilidad inicial para que se te asigne un prestamista, a\u00fan puedes obtener acceso a una red de recursos gratuitos o de bajo costo que est\u00e1n disponibles para las empresas de Charlotte. Esos recursos pueden ayudarte a preparar para recibir un pr\u00e9stamo en el futuro:   <\/p>\n<ul>\n<li>Centro de Desarrollo de Peque\u00f1as Empresas y Tecnolog\u00eda de UNC Charlotte<\/li>\n<li>Prospera &#8211; ofrece apoyo biling\u00fce en ingl\u00e9s y espa\u00f1ol<\/li>\n<\/ul>\n<p>Tambi\u00e9n puedes consultar a cualquiera de los prestamistas participantes sobre los programas espec\u00edficos que ofrezcan para ayudar a las peque\u00f1as empresas a prepararse para recibir financiamiento.<\/p>\n<p>[\/et_pb_text][\/et_pb_column][\/et_pb_row][\/et_pb_section]<\/p>\n","protected":false},"excerpt":{"rendered":"<p>Preguntas frecuentesT\u00e9rminos y elegibilidad \/ Informaci\u00f3n del programa \/ Informaci\u00f3n de la solicitud T\u00e9rminos y elegibilidad\u00bfCu\u00e1les son los t\u00e9rminos del pr\u00e9stamo? Pr\u00e9stamo por montos de $1,000 a $250,000 Pagos mensuales de capital e intereses Tasas de inter\u00e9s fijas durante todo el per\u00edodo del pr\u00e9stamo Tasas de 9% a 12% Comisiones de apertura del 3% al 5% Sin cargos por pago adelantado \u00bfPara qu\u00e9 puedo usar el pr\u00e9stamo? Puedes usar el pr\u00e9stamo para una amplia variedad de necesidades de tu empresa, que incluyen equipamiento, n\u00f3mina, servicios b\u00e1sicos y alquiler, suministros, mercadotecnia y publicidad y otros gastos empresariales. En la solicitud se te pedir\u00e1 que detalles los usos previstos del pr\u00e9stamo. \u00bfQui\u00e9nes son elegibles para recibir un pr\u00e9stamo? Para ser elegible para un pr\u00e9stamo del Charlotte Small Business Growth Fund, una peque\u00f1a empresa debe cumplir con los requisitos m\u00ednimos de elegibilidad que se detallan a continuaci\u00f3n: Estar situada en la ciudad de Charlotte Haber tenido operaciones por lo menos durante seis meses Tener la capacidad para devolver el pr\u00e9stamo, considerando el flujo de efectivo documentado Tener una puntuaci\u00f3n de FICO m\u00ednima de 575 o no tener cr\u00e9dito establecido No dedicarse a pr\u00e9stamos, especulaciones, ventas en esquema de pir\u00e1mide, apuestas, tabaco, cannabis, entretenimiento [&hellip;]<\/p>\n","protected":false},"author":1,"featured_media":0,"parent":0,"menu_order":0,"comment_status":"closed","ping_status":"closed","template":"","meta":{"_et_pb_use_builder":"on","_et_pb_old_content":"","_et_gb_content_width":"","footnotes":""},"class_list":["post-313","page","type-page","status-publish","hentry"],"_links":{"self":[{"href":"https:\/\/www.charlottegrowthfund.org\/es\/wp-json\/wp\/v2\/pages\/313","targetHints":{"allow":["GET"]}}],"collection":[{"href":"https:\/\/www.charlottegrowthfund.org\/es\/wp-json\/wp\/v2\/pages"}],"about":[{"href":"https:\/\/www.charlottegrowthfund.org\/es\/wp-json\/wp\/v2\/types\/page"}],"author":[{"embeddable":true,"href":"https:\/\/www.charlottegrowthfund.org\/es\/wp-json\/wp\/v2\/users\/1"}],"replies":[{"embeddable":true,"href":"https:\/\/www.charlottegrowthfund.org\/es\/wp-json\/wp\/v2\/comments?post=313"}],"version-history":[{"count":2,"href":"https:\/\/www.charlottegrowthfund.org\/es\/wp-json\/wp\/v2\/pages\/313\/revisions"}],"predecessor-version":[{"id":315,"href":"https:\/\/www.charlottegrowthfund.org\/es\/wp-json\/wp\/v2\/pages\/313\/revisions\/315"}],"wp:attachment":[{"href":"https:\/\/www.charlottegrowthfund.org\/es\/wp-json\/wp\/v2\/media?parent=313"}],"curies":[{"name":"wp","href":"https:\/\/api.w.org\/{rel}","templated":true}]}}